{"id":43,"date":"2023-06-03T18:00:40","date_gmt":"2023-06-03T16:00:40","guid":{"rendered":"https:\/\/www.gotye.eu\/es\/?page_id=43"},"modified":"2023-06-03T18:04:31","modified_gmt":"2023-06-03T16:04:31","slug":"diseno-web","status":"publish","type":"page","link":"https:\/\/www.gotye.eu\/es\/diseno-web\/","title":{"rendered":"Dise\u00f1o web"},"content":{"rendered":"<div class=\"wpb-content-wrapper\"><p>[vc_row full_width=\u00bbstretch_row\u00bb content_placement=\u00bbmiddle\u00bb][vc_column][vc_empty_space height=\u00bb50px\u00bb][\/vc_column][\/vc_row][vc_row full_width=\u00bbstretch_row\u00bb content_placement=\u00bbmiddle\u00bb][vc_column width=\u00bb2\/3&#8243;][vc_single_image image=\u00bb37&#8243; img_size=\u00bbfull\u00bb alignment=\u00bbcenter\u00bb][\/vc_column][vc_column width=\u00bb1\/3&#8243;][vc_column_text el_class=\u00bbrozsireni\u00bb]Zn\u00e1me tajemstv\u00ed pro \u00fasp\u011bch na internetu.<br \/>\nZanalyzujeme v\u00e1\u0161 web a porad\u00edme v\u00e1m, jak jej l\u00e9pe optimalizovat pro vyhled\u00e1va\u010de.[\/vc_column_text][\/vc_column][\/vc_row][vc_row full_width=\u00bbstretch_row\u00bb content_placement=\u00bbmiddle\u00bb][vc_column][vc_custom_heading text=\u00bbJean Paul Gotye webdesign\u00bb font_container=\u00bbtag:h1|font_size:45|text_align:center\u00bb use_theme_fonts=\u00bbyes\u00bb][vc_empty_space height=\u00bb50px\u00bb][\/vc_column][\/vc_row][vc_row full_width=\u00bbstretch_row\u00bb content_placement=\u00bbmiddle\u00bb parallax=\u00bbcontent-moving\u00bb parallax_image=\u00bb64&#8243;][vc_column width=\u00bb5\/6&#8243;][vc_column_text]<\/p>\n<h2><strong>Optimalizace Va\u0161ich n\u00e1klad\u016f.<\/strong><\/h2>\n<p>Nepla\u0165te za dom\u00e9nu a webhosting tis\u00edce korun!<br \/>\nSn\u00ed\u017e\u00edme V\u00e1m n\u00e1klady na provoz webov\u00fdch str\u00e1nek na minimum.<br \/>\nHostujeme u N\u00e1s, kde budete m\u00edt n\u00e1klady cca 452 K\u010d za rok hostov\u00e1n\u00ed (CZ dom\u00e9na + webhosting).[\/vc_column_text][\/vc_column][vc_column width=\u00bb1\/6&#8243;][vc_single_image image=\u00bb39&#8243; img_size=\u00bbfull\u00bb alignment=\u00bbcenter\u00bb onclick=\u00bbcustom_link\u00bb img_link_target=\u00bb_blank\u00bb link=\u00bbhttps:\/\/www.jpgweb.cz\/\u00bb][\/vc_column][\/vc_row][vc_row full_width=\u00bbstretch_row\u00bb content_placement=\u00bbmiddle\u00bb][vc_column width=\u00bb2\/3&#8243;][vc_single_image image=\u00bb38&#8243; img_size=\u00bbfull\u00bb alignment=\u00bbcenter\u00bb][\/vc_column][vc_column width=\u00bb1\/3&#8243;][vc_column_text el_class=\u00bbrozsireni\u00bb]Grafick\u00fd design webu by m\u011bl pln\u011b odpov\u00eddat jeho zam\u011b\u0159en\u00ed, vhodn\u011b dopl\u0148ovat a nechat vyniknout obsah, neobt\u011b\u017eovat a nerozptylovat n\u00e1v\u0161t\u011bvn\u00edka.<\/p>\n<p>Dobr\u00fd grafick\u00fd design, n\u00e1v\u0161t\u011bvn\u00edk se na webu c\u00edt\u00ed dob\u0159e. Dobr\u00fd design komunikuje a \u0159e\u0161\u00ed probl\u00e9my, sm\u011bruje n\u00e1v\u0161t\u011bvn\u00edka k pln\u011bn\u00ed po\u017eadovan\u00fdch c\u00edl\u016f.<\/p>\n<p>(promy\u0161len\u00e1 jednoduchost),klademe d\u016fraz na detaily, ale v\u017edy mysl\u00edme na celkov\u00fd v\u00fdsledek.[\/vc_column_text][\/vc_column][\/vc_row][vc_row full_width=\u00bbstretch_row\u00bb content_placement=\u00bbmiddle\u00bb parallax=\u00bbcontent-moving\u00bb parallax_image=\u00bb62&#8243;][vc_column width=\u00bb1\/2&#8243;][vc_empty_space height=\u00bb50px\u00bb][vc_single_image image=\u00bb50&#8243; img_size=\u00bbfull\u00bb alignment=\u00bbcenter\u00bb][vc_empty_space height=\u00bb50px\u00bb][\/vc_column][vc_column width=\u00bb1\/2&#8243;][vc_empty_space height=\u00bb50px\u00bb][vc_column_text el_class=\u00bbrozsireni\u00bb]<\/p>\n<h3 class=\"vc_custom_heading\" style=\"text-align: center;\"><span style=\"color: #008080;\">Podlah\u00e1\u0159stv\u00ed Slab\u00fd<\/span><\/h3>\n<div class=\"vc_separator wpb_content_element vc_separator_align_center vc_sep_width_50 vc_sep_border_width_2 vc_sep_pos_align_center vc_separator_no_text vc_sep_color_turquoise vc_custom_1490529238267 vc_custom_1490529238267\"><\/div>\n<div class=\"wpb_text_column wpb_content_element \">\n<div class=\"wpb_wrapper\">\n<p>Pln\u011b responzivn\u00ed origin\u00e1ln\u00ed webov\u00e1 prezentace pro<\/p>\n<h4 style=\"text-align: center;\"><a href=\"https:\/\/www.podlaharstvislaby.cz\/\" target=\"_blank\" rel=\"nofollow noopener\">Podlaharstvislaby.cz<\/a><\/h4>\n<h4 style=\"text-align: center;\"><a href=\"https:\/\/www.podlaharstvislaby.eu\" target=\"_blank\" rel=\"nofollow noopener\">Podlaharstvislaby.eu<\/a><\/h4>\n<p>SEO, HTML 5, CSS 3, Responsive, Design, WordPress a Woocommerce.<\/p><\/div>\n<\/div>\n<p>[\/vc_column_text][vc_empty_space height=\u00bb50px\u00bb][\/vc_column][\/vc_row]<\/p>\n<\/div>","protected":false},"excerpt":{"rendered":"<p>[vc_row full_width=\u00bbstretch_row\u00bb content_placement=\u00bbmiddle\u00bb][vc_column][vc_empty_space height=\u00bb50px\u00bb][\/vc_column][\/vc_row][vc_row full_width=\u00bbstretch_row\u00bb content_placement=\u00bbmiddle\u00bb][vc_column width=\u00bb2\/3&#8243;][vc_single_image image=\u00bb37&#8243; img_size=\u00bbfull\u00bb alignment=\u00bbcenter\u00bb][\/vc_column][vc_column width=\u00bb1\/3&#8243;][vc_column_text el_class=\u00bbrozsireni\u00bb]Zn\u00e1me tajemstv\u00ed pro \u00fasp\u011bch na internetu. Zanalyzujeme v\u00e1\u0161 web a porad\u00edme v\u00e1m, jak jej l\u00e9pe optimalizovat pro vyhled\u00e1va\u010de.[\/vc_column_text][\/vc_column][\/vc_row][vc_row full_width=\u00bbstretch_row\u00bb content_placement=\u00bbmiddle\u00bb][vc_column][vc_custom_heading text=\u00bbJean Paul Gotye webdesign\u00bb font_container=\u00bbtag:h1|font_size:45|text_align:center\u00bb use_theme_fonts=\u00bbyes\u00bb][vc_empty_space height=\u00bb50px\u00bb][\/vc_column][\/vc_row][vc_row full_width=\u00bbstretch_row\u00bb content_placement=\u00bbmiddle\u00bb parallax=\u00bbcontent-moving\u00bb parallax_image=\u00bb64&#8243;][vc_column width=\u00bb5\/6&#8243;][vc_column_text] Optimalizace Va\u0161ich n\u00e1klad\u016f. Nepla\u0165te za dom\u00e9nu a webhosting tis\u00edce korun! Sn\u00ed\u017e\u00edme V\u00e1m&#8230;<\/p>\n","protected":false},"author":1,"featured_media":0,"parent":0,"menu_order":0,"comment_status":"closed","ping_status":"closed","template":"","meta":{"_kad_post_transparent":"default","_kad_post_title":"default","_kad_post_layout":"default","_kad_post_sidebar_id":"","_kad_post_content_style":"default","_kad_post_vertical_padding":"default","_kad_post_feature":"","_kad_post_feature_position":"","_kad_post_header":false,"_kad_post_footer":false,"footnotes":""},"class_list":["post-43","page","type-page","status-publish","hentry"],"_links":{"self":[{"href":"https:\/\/www.gotye.eu\/es\/wp-json\/wp\/v2\/pages\/43","targetHints":{"allow":["GET"]}}],"collection":[{"href":"https:\/\/www.gotye.eu\/es\/wp-json\/wp\/v2\/pages"}],"about":[{"href":"https:\/\/www.gotye.eu\/es\/wp-json\/wp\/v2\/types\/page"}],"author":[{"embeddable":true,"href":"https:\/\/www.gotye.eu\/es\/wp-json\/wp\/v2\/users\/1"}],"replies":[{"embeddable":true,"href":"https:\/\/www.gotye.eu\/es\/wp-json\/wp\/v2\/comments?post=43"}],"version-history":[{"count":2,"href":"https:\/\/www.gotye.eu\/es\/wp-json\/wp\/v2\/pages\/43\/revisions"}],"predecessor-version":[{"id":53,"href":"https:\/\/www.gotye.eu\/es\/wp-json\/wp\/v2\/pages\/43\/revisions\/53"}],"wp:attachment":[{"href":"https:\/\/www.gotye.eu\/es\/wp-json\/wp\/v2\/media?parent=43"}],"curies":[{"name":"wp","href":"https:\/\/api.w.org\/{rel}","templated":true}]}}