{"id":46,"date":"2023-06-03T18:00:59","date_gmt":"2023-06-03T16:00:59","guid":{"rendered":"https:\/\/www.gotye.eu\/es\/?page_id=46"},"modified":"2023-06-03T19:00:46","modified_gmt":"2023-06-03T17:00:46","slug":"nuestros-proyectos","status":"publish","type":"page","link":"https:\/\/www.gotye.eu\/es\/nuestros-proyectos\/","title":{"rendered":"Nuestros proyectos"},"content":{"rendered":"<div class=\"wpb-content-wrapper\"><p>[vc_row full_width=\u00bbstretch_row\u00bb content_placement=\u00bbmiddle\u00bb parallax=\u00bbcontent-moving\u00bb parallax_image=\u00bb107&#8243; parallax_speed_bg=\u00bb1.0&#8243;][vc_column][vc_custom_heading text=\u00bbNuestros proyectos\u00bb font_container=\u00bbtag:h1|font_size:45|text_align:center\u00bb use_theme_fonts=\u00bbyes\u00bb css_animation=\u00bbfadeIn\u00bb][vc_empty_space height=\u00bb50px\u00bb][vc_row_inner][vc_column_inner width=\u00bb3\/4&#8243;][vc_single_image image=\u00bb123&#8243; img_size=\u00bbfull\u00bb alignment=\u00bbcenter\u00bb][vc_empty_space height=\u00bb50px\u00bb][\/vc_column_inner][vc_column_inner width=\u00bb1\/4&#8243;][vc_column_text el_class=\u00bbrozsireni2&#8243;]<\/p>\n<p style=\"text-align: center;\">Jean Paul Gotye 1973<\/p>\n<p style=\"text-align: center;\">Ropa casual exclusiva para usar a cualquier hora del d\u00eda.<\/p>\n<p><a href=\"https:\/\/www.jeanpaulgotye.com\/\" target=\"_blank\" rel=\"noopener\"><img loading=\"lazy\" decoding=\"async\" class=\"size-medium wp-image-133 aligncenter\" src=\"https:\/\/www.gotye.eu\/wp-content\/uploads\/2023\/05\/logo2s-300x40.png\" alt=\"\" width=\"300\" height=\"40\" srcset=\"https:\/\/www.gotye.eu\/es\/wp-content\/uploads\/2023\/05\/logo2s-300x40.png 300w, https:\/\/www.gotye.eu\/es\/wp-content\/uploads\/2023\/05\/logo2s.png 334w\" sizes=\"auto, (max-width: 300px) 100vw, 300px\" \/><\/a>[\/vc_column_text][vc_empty_space height=\u00bb50px\u00bb][\/vc_column_inner][\/vc_row_inner][\/vc_column][\/vc_row][vc_row full_width=\u00bbstretch_row\u00bb content_placement=\u00bbmiddle\u00bb bg_type=\u00bbgrad\u00bb css=\u00bb.vc_custom_1684959125669{padding-top: 50px !important;padding-bottom: 50px !important;}\u00bb bg_grad=\u00bbbackground: -webkit-gradient(linear, left top, left bottom, color-stop(0%, #DDDDDD), color-stop(100%, #DDDDDD), color-stop(100%, #C4C4C6));background: -moz-linear-gradient(top,#DDDDDD 0%,#DDDDDD 100%,#C4C4C6 100%);background: -webkit-linear-gradient(top,#DDDDDD 0%,#DDDDDD 100%,#C4C4C6 100%);background: -o-linear-gradient(top,#DDDDDD 0%,#DDDDDD 100%,#C4C4C6 100%);background: -ms-linear-gradient(top,#DDDDDD 0%,#DDDDDD 100%,#C4C4C6 100%);background: linear-gradient(top,#DDDDDD 0%,#DDDDDD 100%,#C4C4C6 100%);\u00bb][vc_column width=\u00bb3\/4&#8243;][vc_single_image image=\u00bb48&#8243; img_size=\u00bbfull\u00bb alignment=\u00bbcenter\u00bb][vc_empty_space height=\u00bb50px\u00bb][\/vc_column][vc_column width=\u00bb1\/4&#8243;][vc_column_text el_class=\u00bbrozsireni2&#8243;]<\/p>\n<p style=\"text-align: center;\">Moje Vla\u0161im<\/p>\n<p>Buscador web y gu\u00eda de la ciudad de Vla\u0161im y sus alrededores.<\/p>\n<p><a href=\"https:\/\/www.mojevlasim.cz\/\" target=\"_blank\" rel=\"noopener\"><img loading=\"lazy\" decoding=\"async\" class=\"size-full wp-image-144 aligncenter\" src=\"https:\/\/www.gotye.eu\/wp-content\/uploads\/2023\/05\/logo1.png\" alt=\"\" width=\"108\" height=\"123\" \/><\/a>[\/vc_column_text][vc_empty_space height=\u00bb50px\u00bb][\/vc_column][\/vc_row][vc_row full_width=\u00bbstretch_row\u00bb content_placement=\u00bbmiddle\u00bb parallax=\u00bbcontent-moving\u00bb parallax_image=\u00bb108&#8243;][vc_column width=\u00bb3\/4&#8243;][vc_empty_space height=\u00bb50px\u00bb][vc_single_image image=\u00bb47&#8243; img_size=\u00bbfull\u00bb alignment=\u00bbcenter\u00bb][vc_empty_space height=\u00bb50px\u00bb][\/vc_column][vc_column width=\u00bb1\/4&#8243;][vc_empty_space height=\u00bb50px\u00bb][vc_column_text el_class=\u00bbrozsireni2&#8243;]<\/p>\n<p style=\"text-align: center;\">MAMU<\/p>\n<p style=\"text-align: center;\">Producci\u00f3n y venta de alimentos.<\/p>\n<p><img loading=\"lazy\" decoding=\"async\" class=\"aligncenter wp-image-236\" src=\"https:\/\/www.gotye.eu\/wp-content\/uploads\/2023\/06\/finall-300x265.png\" alt=\"\" width=\"140\" height=\"124\" srcset=\"https:\/\/www.gotye.eu\/es\/wp-content\/uploads\/2023\/06\/finall-300x265.png 300w, https:\/\/www.gotye.eu\/es\/wp-content\/uploads\/2023\/06\/finall-1024x905.png 1024w, https:\/\/www.gotye.eu\/es\/wp-content\/uploads\/2023\/06\/finall-768x679.png 768w, https:\/\/www.gotye.eu\/es\/wp-content\/uploads\/2023\/06\/finall-1536x1358.png 1536w, https:\/\/www.gotye.eu\/es\/wp-content\/uploads\/2023\/06\/finall-2048x1810.png 2048w\" sizes=\"auto, (max-width: 140px) 100vw, 140px\" \/>[\/vc_column_text][vc_empty_space height=\u00bb50px\u00bb][\/vc_column][\/vc_row][vc_row full_width=\u00bbstretch_row\u00bb content_placement=\u00bbmiddle\u00bb bg_type=\u00bbgrad\u00bb bg_grad=\u00bbbackground: -webkit-gradient(linear, left top, left bottom, color-stop(0%, #F7F7F9), color-stop(100%, #FFFFFF));background: -moz-linear-gradient(top,#F7F7F9 0%,#FFFFFF 100%);background: -webkit-linear-gradient(top,#F7F7F9 0%,#FFFFFF 100%);background: -o-linear-gradient(top,#F7F7F9 0%,#FFFFFF 100%);background: -ms-linear-gradient(top,#F7F7F9 0%,#FFFFFF 100%);background: linear-gradient(top,#F7F7F9 0%,#FFFFFF 100%);\u00bb][vc_column width=\u00bb3\/4&#8243;][vc_empty_space height=\u00bb50px\u00bb][vc_single_image image=\u00bb45&#8243; img_size=\u00bbfull\u00bb alignment=\u00bbcenter\u00bb][vc_empty_space height=\u00bb50px\u00bb][\/vc_column][vc_column width=\u00bb1\/4&#8243;][vc_empty_space height=\u00bb50px\u00bb][vc_column_text el_class=\u00bbrozsireni2&#8243;]<\/p>\n<p style=\"text-align: center;\">Dominik\u00e1nsk\u00e1 republika<\/p>\n<p style=\"text-align: center;\">Informaci\u00f3n tur\u00edstica sobre la Rep\u00fablica Dominicana.<\/p>\n<p><a href=\"https:\/\/www.dominicanrepublic.cz\/\" target=\"_blank\" rel=\"noopener\"><img loading=\"lazy\" decoding=\"async\" class=\"wp-image-173 size-full aligncenter\" src=\"https:\/\/www.gotye.eu\/wp-content\/uploads\/2023\/05\/znak.png\" alt=\"\" width=\"165\" height=\"165\" srcset=\"https:\/\/www.gotye.eu\/es\/wp-content\/uploads\/2023\/05\/znak.png 165w, https:\/\/www.gotye.eu\/es\/wp-content\/uploads\/2023\/05\/znak-150x150.png 150w\" sizes=\"auto, (max-width: 165px) 100vw, 165px\" \/><\/a>[\/vc_column_text][vc_empty_space height=\u00bb50px\u00bb][\/vc_column][\/vc_row][vc_row full_width=\u00bbstretch_row\u00bb content_placement=\u00bbmiddle\u00bb parallax=\u00bbcontent-moving\u00bb parallax_image=\u00bb170&#8243; css=\u00bb.vc_custom_1684962117178{padding-top: 50px !important;padding-bottom: 50px !important;}\u00bb][vc_column width=\u00bb3\/4&#8243;][vc_empty_space height=\u00bb50px\u00bb][vc_single_image image=\u00bb44&#8243; img_size=\u00bbfull\u00bb alignment=\u00bbcenter\u00bb][vc_empty_space height=\u00bb50px\u00bb][\/vc_column][vc_column width=\u00bb1\/4&#8243;][vc_empty_space height=\u00bb50px\u00bb][vc_column_text el_class=\u00bbrozsireni2&#8243;]<\/p>\n<p style=\"text-align: center;\">Caracol<\/p>\n<p style=\"text-align: center;\">Informaci\u00f3n tur\u00edstica y excursiones en Rep\u00fablica Dominicana.<\/p>\n<p><a href=\"https:\/\/www.caracol.cz\/\" target=\"_blank\" rel=\"noopener\"><img loading=\"lazy\" decoding=\"async\" class=\"wp-image-172 size-medium aligncenter\" src=\"https:\/\/www.gotye.eu\/wp-content\/uploads\/2023\/05\/logo1m-300x62.png\" alt=\"\" width=\"300\" height=\"62\" srcset=\"https:\/\/www.gotye.eu\/es\/wp-content\/uploads\/2023\/05\/logo1m-300x62.png 300w, https:\/\/www.gotye.eu\/es\/wp-content\/uploads\/2023\/05\/logo1m.png 450w\" sizes=\"auto, (max-width: 300px) 100vw, 300px\" \/><\/a>[\/vc_column_text][vc_empty_space height=\u00bb50px\u00bb][\/vc_column][\/vc_row]<\/p>\n<\/div>","protected":false},"excerpt":{"rendered":"<p>[vc_row full_width=\u00bbstretch_row\u00bb content_placement=\u00bbmiddle\u00bb parallax=\u00bbcontent-moving\u00bb parallax_image=\u00bb107&#8243; parallax_speed_bg=\u00bb1.0&#8243;][vc_column][vc_custom_heading text=\u00bbNuestros proyectos\u00bb font_container=\u00bbtag:h1|font_size:45|text_align:center\u00bb use_theme_fonts=\u00bbyes\u00bb css_animation=\u00bbfadeIn\u00bb][vc_empty_space height=\u00bb50px\u00bb][vc_row_inner][vc_column_inner width=\u00bb3\/4&#8243;][vc_single_image image=\u00bb123&#8243; img_size=\u00bbfull\u00bb alignment=\u00bbcenter\u00bb][vc_empty_space height=\u00bb50px\u00bb][\/vc_column_inner][vc_column_inner width=\u00bb1\/4&#8243;][vc_column_text el_class=\u00bbrozsireni2&#8243;] Jean Paul Gotye 1973 Ropa casual exclusiva para usar a cualquier hora del d\u00eda. [\/vc_column_text][vc_empty_space height=\u00bb50px\u00bb][\/vc_column_inner][\/vc_row_inner][\/vc_column][\/vc_row][vc_row full_width=\u00bbstretch_row\u00bb content_placement=\u00bbmiddle\u00bb bg_type=\u00bbgrad\u00bb css=\u00bb.vc_custom_1684959125669{padding-top: 50px !important;padding-bottom: 50px !important;}\u00bb bg_grad=\u00bbbackground: -webkit-gradient(linear, left top, left bottom, color-stop(0%, #DDDDDD), color-stop(100%, #DDDDDD), color-stop(100%, #C4C4C6));background:&#8230;<\/p>\n","protected":false},"author":1,"featured_media":0,"parent":0,"menu_order":0,"comment_status":"closed","ping_status":"closed","template":"","meta":{"_kad_post_transparent":"default","_kad_post_title":"default","_kad_post_layout":"default","_kad_post_sidebar_id":"","_kad_post_content_style":"default","_kad_post_vertical_padding":"default","_kad_post_feature":"","_kad_post_feature_position":"","_kad_post_header":false,"_kad_post_footer":false,"footnotes":""},"class_list":["post-46","page","type-page","status-publish","hentry"],"_links":{"self":[{"href":"https:\/\/www.gotye.eu\/es\/wp-json\/wp\/v2\/pages\/46","targetHints":{"allow":["GET"]}}],"collection":[{"href":"https:\/\/www.gotye.eu\/es\/wp-json\/wp\/v2\/pages"}],"about":[{"href":"https:\/\/www.gotye.eu\/es\/wp-json\/wp\/v2\/types\/page"}],"author":[{"embeddable":true,"href":"https:\/\/www.gotye.eu\/es\/wp-json\/wp\/v2\/users\/1"}],"replies":[{"embeddable":true,"href":"https:\/\/www.gotye.eu\/es\/wp-json\/wp\/v2\/comments?post=46"}],"version-history":[{"count":8,"href":"https:\/\/www.gotye.eu\/es\/wp-json\/wp\/v2\/pages\/46\/revisions"}],"predecessor-version":[{"id":59,"href":"https:\/\/www.gotye.eu\/es\/wp-json\/wp\/v2\/pages\/46\/revisions\/59"}],"wp:attachment":[{"href":"https:\/\/www.gotye.eu\/es\/wp-json\/wp\/v2\/media?parent=46"}],"curies":[{"name":"wp","href":"https:\/\/api.w.org\/{rel}","templated":true}]}}