{"id":5,"date":"2023-06-02T18:45:18","date_gmt":"2023-06-02T16:45:18","guid":{"rendered":"https:\/\/www.gotye.eu\/es\/?page_id=5"},"modified":"2023-06-08T21:52:05","modified_gmt":"2023-06-08T19:52:05","slug":"gotye","status":"publish","type":"page","link":"https:\/\/www.gotye.eu\/es\/","title":{"rendered":"Gotye"},"content":{"rendered":"<div class=\"wpb-content-wrapper\"><p>[vc_row full_width=\u00bbstretch_row\u00bb content_placement=\u00bbmiddle\u00bb bg_type=\u00bbbg_color\u00bb bg_color_value=\u00bb#000000&#8243;][vc_column][vc_empty_space height=\u00bb50px\u00bb][vc_custom_heading text=\u00bbJsme profesion\u00e1ln\u00ed mezin\u00e1rodn\u00ed t\u00fdm Gotye.<br \/>\nJean Paul a Maryvis.\u00bb font_container=\u00bbtag:h1|text_align:center|color:%23e4ca7d\u00bb use_theme_fonts=\u00bbyes\u00bb][\/vc_column][\/vc_row][vc_row full_width=\u00bbstretch_row\u00bb content_placement=\u00bbmiddle\u00bb bg_type=\u00bbbg_color\u00bb bg_color_value=\u00bb#000000&#8243;][vc_column][vc_raw_html]JTNDZGl2JTIwY2xhc3MlM0QlMjJjYXJhJTIyJTNFJTNDJTJGZGl2JTNFJTIw[\/vc_raw_html][vc_row_inner][vc_column_inner width=\u00bb1\/2&#8243;][\/vc_column_inner][vc_column_inner width=\u00bb1\/2&#8243;][vc_empty_space height=\u00bb50px\u00bb][vc_column_text el_class=\u00bbrozsireni3 boxik3&#8243;]Vyr\u00e1b\u00edme exkluzivn\u00ed neform\u00e1ln\u00ed oble\u010den\u00ed, kter\u00e9 m\u016f\u017eete nosit kdykoli b\u011bhem dne.<\/p>\n<p><img loading=\"lazy\" decoding=\"async\" class=\"aligncenter size-medium wp-image-133\" src=\"https:\/\/www.gotye.eu\/wp-content\/uploads\/2023\/05\/logo2s-300x40.png\" alt=\"\" width=\"300\" height=\"40\" srcset=\"https:\/\/www.gotye.eu\/es\/wp-content\/uploads\/2023\/05\/logo2s-300x40.png 300w, https:\/\/www.gotye.eu\/es\/wp-content\/uploads\/2023\/05\/logo2s.png 334w\" sizes=\"auto, (max-width: 300px) 100vw, 300px\" \/>[\/vc_column_text][\/vc_column_inner][\/vc_row_inner][vc_row_inner][vc_column_inner width=\u00bb1\/2&#8243;][vc_empty_space height=\u00bb50px\u00bb][vc_column_text el_class=\u00bbrozsireni3v boxik3&#8243;]Weby navrhujeme u\u017e v\u00edce ne\u017e 20 let, v\u0161echny typov\u00e9 webov\u00e9 str\u00e1nky a e-shopy, weby dod\u00e1v\u00e1me a\u017e po nezbytnou obsahovou grafiku. Pracujeme s dodan\u00fdmi podklady, ale um\u00edme je ale i sami zajistit.<\/p>\n<p><img loading=\"lazy\" decoding=\"async\" class=\"aligncenter size-medium wp-image-39\" src=\"https:\/\/www.gotye.eu\/wp-content\/uploads\/2023\/05\/logo-nove1-300x71.png\" alt=\"\" width=\"300\" height=\"71\" srcset=\"https:\/\/www.gotye.eu\/es\/wp-content\/uploads\/2023\/05\/logo-nove1-300x71.png 300w, https:\/\/www.gotye.eu\/es\/wp-content\/uploads\/2023\/05\/logo-nove1.png 425w\" sizes=\"auto, (max-width: 300px) 100vw, 300px\" \/>[\/vc_column_text][\/vc_column_inner][vc_column_inner width=\u00bb1\/2&#8243;][\/vc_column_inner][\/vc_row_inner][vc_row_inner][vc_column_inner width=\u00bb1\/2&#8243;][\/vc_column_inner][vc_column_inner width=\u00bb1\/2&#8243;][vc_empty_space height=\u00bb50px\u00bb][vc_column_text el_class=\u00bbrozsireni3 boxik3&#8243;]Spravujeme a vlastn\u00edme Webov\u00fd vyhled\u00e1va\u010d a rozcestn\u00edk pro m\u011bsto Vla\u0161im a bl\u00edzk\u00e9 okol\u00ed kde najdete spoustu informac\u00ed a nezbytn\u00e9 kontakty na \u0159emesln\u00edky a podnikatele, takt\u00e9\u017e na nemocni\u010dn\u00ed a zdravotn\u00ed za\u0159\u00edzen\u00ed.<\/p>\n<p><img loading=\"lazy\" decoding=\"async\" class=\"aligncenter size-full wp-image-144\" src=\"https:\/\/www.gotye.eu\/wp-content\/uploads\/2023\/05\/logo1.png\" alt=\"\" width=\"108\" height=\"123\" \/>[\/vc_column_text][\/vc_column_inner][\/vc_row_inner][vc_row_inner][vc_column_inner width=\u00bb1\/2&#8243;][vc_empty_space height=\u00bb50px\u00bb][vc_column_text el_class=\u00bbrozsireni3v boxik3&#8243;]Zprost\u0159edkov\u00e1v\u00e1me v\u00fdlety v Dominik\u00e1nsk\u00e9 republice.<\/p>\n<p><img loading=\"lazy\" decoding=\"async\" class=\"aligncenter wp-image-172 size-medium\" src=\"https:\/\/www.gotye.eu\/wp-content\/uploads\/2023\/05\/logo1m-300x62.png\" alt=\"\" width=\"300\" height=\"62\" srcset=\"https:\/\/www.gotye.eu\/es\/wp-content\/uploads\/2023\/05\/logo1m-300x62.png 300w, https:\/\/www.gotye.eu\/es\/wp-content\/uploads\/2023\/05\/logo1m.png 450w\" sizes=\"auto, (max-width: 300px) 100vw, 300px\" \/>[\/vc_column_text][vc_empty_space height=\u00bb50px\u00bb][\/vc_column_inner][vc_column_inner width=\u00bb1\/2&#8243;][\/vc_column_inner][\/vc_row_inner][\/vc_column][\/vc_row][vc_row full_width=\u00bbstretch_row\u00bb bg_type=\u00bbbg_color\u00bb bg_color_value=\u00bb#000000&#8243;][vc_column][vc_column_text el_class=\u00bbrozsireni4 boxik2&#8243;]va\u0159\u00edme a distribuujeme j\u00eddlo, organizujeme sk\u0159\u00edn\u011b.<br \/>\nP\u016fsob\u00edme v Evrop\u011b v Dominik\u00e1nsk\u00e9 republice a v ji\u017en\u00ed Americe, r\u00e1di cestujeme.[\/vc_column_text][\/vc_column][\/vc_row]<\/p>\n<\/div>","protected":false},"excerpt":{"rendered":"<p>[vc_row full_width=\u00bbstretch_row\u00bb content_placement=\u00bbmiddle\u00bb bg_type=\u00bbbg_color\u00bb bg_color_value=\u00bb#000000&#8243;][vc_column][vc_empty_space height=\u00bb50px\u00bb][vc_custom_heading text=\u00bbJsme profesion\u00e1ln\u00ed mezin\u00e1rodn\u00ed t\u00fdm Gotye. Jean Paul a Maryvis.\u00bb font_container=\u00bbtag:h1|text_align:center|color:%23e4ca7d\u00bb use_theme_fonts=\u00bbyes\u00bb][\/vc_column][\/vc_row][vc_row full_width=\u00bbstretch_row\u00bb content_placement=\u00bbmiddle\u00bb bg_type=\u00bbbg_color\u00bb bg_color_value=\u00bb#000000&#8243;][vc_column][vc_raw_html]JTNDZGl2JTIwY2xhc3MlM0QlMjJjYXJhJTIyJTNFJTNDJTJGZGl2JTNFJTIw[\/vc_raw_html][vc_row_inner][vc_column_inner width=\u00bb1\/2&#8243;][\/vc_column_inner][vc_column_inner width=\u00bb1\/2&#8243;][vc_empty_space height=\u00bb50px\u00bb][vc_column_text el_class=\u00bbrozsireni3 boxik3&#8243;]Vyr\u00e1b\u00edme exkluzivn\u00ed neform\u00e1ln\u00ed oble\u010den\u00ed, kter\u00e9 m\u016f\u017eete nosit kdykoli b\u011bhem dne. [\/vc_column_text][\/vc_column_inner][\/vc_row_inner][vc_row_inner][vc_column_inner width=\u00bb1\/2&#8243;][vc_empty_space height=\u00bb50px\u00bb][vc_column_text el_class=\u00bbrozsireni3v boxik3&#8243;]Weby navrhujeme u\u017e v\u00edce ne\u017e 20 let, v\u0161echny typov\u00e9 webov\u00e9 str\u00e1nky a e-shopy, weby dod\u00e1v\u00e1me a\u017e&#8230;<\/p>\n","protected":false},"author":1,"featured_media":0,"parent":0,"menu_order":0,"comment_status":"closed","ping_status":"closed","template":"","meta":{"_kad_post_transparent":"default","_kad_post_title":"default","_kad_post_layout":"default","_kad_post_sidebar_id":"","_kad_post_content_style":"default","_kad_post_vertical_padding":"default","_kad_post_feature":"","_kad_post_feature_position":"","_kad_post_header":false,"_kad_post_footer":false,"footnotes":""},"class_list":["post-5","page","type-page","status-publish","hentry"],"_links":{"self":[{"href":"https:\/\/www.gotye.eu\/es\/wp-json\/wp\/v2\/pages\/5","targetHints":{"allow":["GET"]}}],"collection":[{"href":"https:\/\/www.gotye.eu\/es\/wp-json\/wp\/v2\/pages"}],"about":[{"href":"https:\/\/www.gotye.eu\/es\/wp-json\/wp\/v2\/types\/page"}],"author":[{"embeddable":true,"href":"https:\/\/www.gotye.eu\/es\/wp-json\/wp\/v2\/users\/1"}],"replies":[{"embeddable":true,"href":"https:\/\/www.gotye.eu\/es\/wp-json\/wp\/v2\/comments?post=5"}],"version-history":[{"count":3,"href":"https:\/\/www.gotye.eu\/es\/wp-json\/wp\/v2\/pages\/5\/revisions"}],"predecessor-version":[{"id":71,"href":"https:\/\/www.gotye.eu\/es\/wp-json\/wp\/v2\/pages\/5\/revisions\/71"}],"wp:attachment":[{"href":"https:\/\/www.gotye.eu\/es\/wp-json\/wp\/v2\/media?parent=5"}],"curies":[{"name":"wp","href":"https:\/\/api.w.org\/{rel}","templated":true}]}}